{"id":15,"date":"2025-05-20T09:00:17","date_gmt":"2025-05-20T07:00:17","guid":{"rendered":"https:\/\/dev.projectzero.fr\/?page_id=15"},"modified":"2025-05-20T18:49:33","modified_gmt":"2025-05-20T16:49:33","slug":"project-zero","status":"publish","type":"page","link":"https:\/\/dev.projectzero.fr\/?page_id=15","title":{"rendered":"Project ZERO"},"content":{"rendered":"\n<h2 class=\"wp-block-heading\">Fiche d&rsquo;identit\u00e9 du jeu<\/h2>\n\n\n\n<p>Titre original (japonais) : -Zero-<br>Titre US : Fatal Frame<br>Titre europ\u00e9en : Project Zero<br>Plateforme : <mark style=\"background-color:rgba(0, 0, 0, 0);color:#0693e3\" class=\"has-inline-color has-vivid-cyan-blue-color\">PS2<\/mark> &amp; <mark style=\"background-color:rgba(0, 0, 0, 0);color:#00d084\" class=\"has-inline-color has-vivid-green-cyan-color\">Xbox<\/mark><br>Date de sortie japonaise : <mark style=\"background-color:rgba(0, 0, 0, 0);color:#0693e3\" class=\"has-inline-color has-vivid-cyan-blue-color\">13 d\u00e9cembre 2001<\/mark> &amp; <mark style=\"background-color:rgba(0, 0, 0, 0);color:#00d084\" class=\"has-inline-color has-vivid-green-cyan-color\">6 f\u00e9vrier 2003<\/mark><br>Date de sortie am\u00e9ricaine : <mark style=\"background-color:rgba(0, 0, 0, 0);color:#0693e3\" class=\"has-inline-color has-vivid-cyan-blue-color\">5 mars 2002<\/mark> &amp; <mark style=\"background-color:rgba(0, 0, 0, 0);color:#00d084\" class=\"has-inline-color has-vivid-green-cyan-color\">25 novembre 2002<\/mark><br>Date de sortie europ\u00e9enne : <mark style=\"background-color:rgba(0, 0, 0, 0);color:#0693e3\" class=\"has-inline-color has-vivid-cyan-blue-color\">28 ao\u00fbt 2002<\/mark> &amp; <mark style=\"background-color:rgba(0, 0, 0, 0);color:#00d084\" class=\"has-inline-color has-vivid-green-cyan-color\">2 mai 2003<\/mark><\/p>\n\n\n\n<h2 class=\"wp-block-heading\">Synopsis<\/h2>\n\n\n\n<p>Le premier opus d&rsquo;une longue s\u00e9rie de jeux vid\u00e9o angoissants. Du nom de Project Zero (Fatal Frame pour les USA), le jeu relate une histoire sombre se basant sur des faits r\u00e9els s&rsquo;\u00e9tant d\u00e9roul\u00e9s au manoir Himuro non loin du village Choko. Tous les 30 ans, un rituel s&rsquo;y d\u00e9roulait pour maintenir ferm\u00e9 une porte entre l&rsquo;enfer et le sanctuaire du manoir. Ce rituel \u00e9tait constitu\u00e9 de plusieurs sacrifices de jeunes filles.<\/p>\n\n\n\n<p>Apr\u00e8s que le c\u00e9l\u00e8bre \u00e9crivain Junsei Takamine ait disparu alors qu&rsquo;il explorait la r\u00e9gion pour son nouveau roman, un jeune homme du nom de Mafuyu part \u00e0 sa recherche et d\u00e9couvre que son mentor a disparu dans les environs du manoir Himuro. Mafuyu fera l&rsquo;erreur de son mentor : entrer dans ce sombre manoir.<\/p>\n\n\n\n<p>N&rsquo;ayant aucune r\u00e9ponse de son fr\u00e8re depuis plusieurs semaines, la s\u0153ur de Mafuyu, Miku, part \u00e0 sa recherche. Cette derni\u00e8re a la capacit\u00e9 de voir les esprits. Sa m\u00e8re lui a confi\u00e9 une vieille cam\u00e9ra (la cam\u00e9ra Obscura) pour la prot\u00e9ger. Au fil du jeu, la jeune Miku d\u00e9couvre la sombre histoire du manoir Himuro, de ces sacrifices, du culte diabolique que la demeure a connu.<\/p>\n","protected":false},"excerpt":{"rendered":"<p>Fiche d&rsquo;identit\u00e9 du jeu Titre original (japonais) : -Zero-Titre US : Fatal FrameTitre europ\u00e9en : Project ZeroPlateforme : PS2 &amp; XboxDate de sortie japonaise : 13 d\u00e9cembre 2001 &amp; 6 f\u00e9vrier 2003Date de sortie am\u00e9ricaine : 5 mars 2002 &amp; 25 novembre 2002Date de sortie europ\u00e9enne : 28 ao\u00fbt 2002 &amp; 2 mai 2003 Synopsis [&hellip;]<\/p>\n","protected":false},"author":1,"featured_media":0,"parent":0,"menu_order":0,"comment_status":"open","ping_status":"closed","template":"","meta":{"_uag_custom_page_level_css":"","footnotes":""},"class_list":["post-15","page","type-page","status-publish","hentry"],"uagb_featured_image_src":{"full":false,"thumbnail":false,"medium":false,"medium_large":false,"large":false,"1536x1536":false,"2048x2048":false},"uagb_author_info":{"display_name":"admin","author_link":"https:\/\/dev.projectzero.fr\/?author=1"},"uagb_comment_info":0,"uagb_excerpt":"Fiche d&rsquo;identit\u00e9 du jeu Titre original (japonais) : -Zero-Titre US : Fatal FrameTitre europ\u00e9en : Project ZeroPlateforme : PS2 &amp; XboxDate de sortie japonaise : 13 d\u00e9cembre 2001 &amp; 6 f\u00e9vrier 2003Date de sortie am\u00e9ricaine : 5 mars 2002 &amp; 25 novembre 2002Date de sortie europ\u00e9enne : 28 ao\u00fbt 2002 &amp; 2 mai 2003 Synopsis\u2026","_links":{"self":[{"href":"https:\/\/dev.projectzero.fr\/index.php?rest_route=\/wp\/v2\/pages\/15","targetHints":{"allow":["GET"]}}],"collection":[{"href":"https:\/\/dev.projectzero.fr\/index.php?rest_route=\/wp\/v2\/pages"}],"about":[{"href":"https:\/\/dev.projectzero.fr\/index.php?rest_route=\/wp\/v2\/types\/page"}],"author":[{"embeddable":true,"href":"https:\/\/dev.projectzero.fr\/index.php?rest_route=\/wp\/v2\/users\/1"}],"replies":[{"embeddable":true,"href":"https:\/\/dev.projectzero.fr\/index.php?rest_route=%2Fwp%2Fv2%2Fcomments&post=15"}],"version-history":[{"count":2,"href":"https:\/\/dev.projectzero.fr\/index.php?rest_route=\/wp\/v2\/pages\/15\/revisions"}],"predecessor-version":[{"id":22,"href":"https:\/\/dev.projectzero.fr\/index.php?rest_route=\/wp\/v2\/pages\/15\/revisions\/22"}],"wp:attachment":[{"href":"https:\/\/dev.projectzero.fr\/index.php?rest_route=%2Fwp%2Fv2%2Fmedia&parent=15"}],"curies":[{"name":"wp","href":"https:\/\/api.w.org\/{rel}","templated":true}]}}