{"id":25,"date":"2025-05-20T20:49:33","date_gmt":"2025-05-20T18:49:33","guid":{"rendered":"https:\/\/dev.projectzero.fr\/?page_id=25"},"modified":"2025-05-21T22:48:48","modified_gmt":"2025-05-21T20:48:48","slug":"project-zero-ii-les-personnages","status":"publish","type":"page","link":"https:\/\/dev.projectzero.fr\/?page_id=25","title":{"rendered":"PZ2 &#8211; Personnages"},"content":{"rendered":"\n<h2 class=\"wp-block-heading\">Mio Amakura<\/h2>\n\n\n\n<p class=\"style400\">Mio Amakura est la personnage principale dans Project ZERO 2. Elle est la cadette de sa jumelle. C&rsquo;est une fille poss\u00e9dant une personnalit\u00e9 \u00e0 la fois fine et entreprenante.<\/p>\n\n\n\n<p class=\"style400\">Elle se sent responsable de l&rsquo;accident de sa s\u0153ur Mayu lorsqu&rsquo;elles \u00e9taient petites. Alors qu&rsquo;elles jouaient au bord d&rsquo;une falaise, Mayu essayait de suivre sa s\u0153ur Mio qui courait et est tomb\u00e9e de cette falaise.<br>Depuis ce drame, Mayu bo\u00eete en marchant.<\/p>\n\n\n\n<p class=\"style400\">Par rapport \u00e0 sa soeur, Mio n&rsquo;est pas aussi sensible au paranormal.<\/p>\n\n\n\n<p class=\"style400\">L&rsquo;exp\u00e9rience que vit Mio dans le village disparu, \u00e0 la recherche interminable de Mayu, l&rsquo;a traumatis\u00e9e \u00e0 vie.<\/p>\n\n\n\n<h2 class=\"wp-block-heading\">Mayu Amakura<\/h2>\n\n\n\n<p class=\"style400\">Mayu est une fille douce, r\u00e9serv\u00e9e et attentionn\u00e9e.<br>Physiquement fragile depuis l&rsquo;accident, elle se repose beaucoup sur sa soeur Mio. Elle ne court que rarement \u00e0 cause des blessures contract\u00e9es \u00e0 ses jambes.<br>Les fant\u00f4mes se servent de sa sensibilit\u00e9 pour communiquer.<br>Mayu sera attir\u00e9e par un papillon \u00e9carlate durant la s\u00e9rie, l&rsquo;amenant au profondeur du village disparue et au secret qu&rsquo;il renferme.<\/p>\n\n\n\n<h2 class=\"wp-block-heading\">Itsuki Tachibana<\/h2>\n\n\n\n<p>Itsuki est un gar\u00e7on au cheveux blancs que Mio rencontre dans le village vers la moiti\u00e9 du jeu. Il est prisonnier et donne des conseils \u00e0 Mio \u00e0 travers la lucarne de sa cellule.<\/p>\n\n\n\n<h2 class=\"wp-block-heading\">Seijiro Makabe<\/h2>\n\n\n\n<p>Seijiro est un expert en folklore (croyances et rites). Il arrive dans le village afin d&rsquo;en d\u00e9couvrir ses myst\u00e9rieuses coutumes et s&rsquo;aide pour cela d&rsquo;un instrument photographique \u00e9trange, la cam\u00e9ra Obscura qui permet de capturer les esprits.<\/p>\n","protected":false},"excerpt":{"rendered":"<p>Mio Amakura Mio Amakura est la personnage principale dans Project ZERO 2. Elle est la cadette de sa jumelle. C&rsquo;est une fille poss\u00e9dant une personnalit\u00e9 \u00e0 la fois fine et entreprenante. Elle se sent responsable de l&rsquo;accident de sa s\u0153ur Mayu lorsqu&rsquo;elles \u00e9taient petites. Alors qu&rsquo;elles jouaient au bord d&rsquo;une falaise, Mayu essayait de suivre [&hellip;]<\/p>\n","protected":false},"author":1,"featured_media":0,"parent":23,"menu_order":0,"comment_status":"open","ping_status":"closed","template":"","meta":{"_uag_custom_page_level_css":"","footnotes":""},"class_list":["post-25","page","type-page","status-publish","hentry"],"uagb_featured_image_src":{"full":false,"thumbnail":false,"medium":false,"medium_large":false,"large":false,"1536x1536":false,"2048x2048":false},"uagb_author_info":{"display_name":"admin","author_link":"https:\/\/dev.projectzero.fr\/?author=1"},"uagb_comment_info":0,"uagb_excerpt":"Mio Amakura Mio Amakura est la personnage principale dans Project ZERO 2. Elle est la cadette de sa jumelle. C&rsquo;est une fille poss\u00e9dant une personnalit\u00e9 \u00e0 la fois fine et entreprenante. Elle se sent responsable de l&rsquo;accident de sa s\u0153ur Mayu lorsqu&rsquo;elles \u00e9taient petites. Alors qu&rsquo;elles jouaient au bord d&rsquo;une falaise, Mayu essayait de suivre\u2026","_links":{"self":[{"href":"https:\/\/dev.projectzero.fr\/index.php?rest_route=\/wp\/v2\/pages\/25","targetHints":{"allow":["GET"]}}],"collection":[{"href":"https:\/\/dev.projectzero.fr\/index.php?rest_route=\/wp\/v2\/pages"}],"about":[{"href":"https:\/\/dev.projectzero.fr\/index.php?rest_route=\/wp\/v2\/types\/page"}],"author":[{"embeddable":true,"href":"https:\/\/dev.projectzero.fr\/index.php?rest_route=\/wp\/v2\/users\/1"}],"replies":[{"embeddable":true,"href":"https:\/\/dev.projectzero.fr\/index.php?rest_route=%2Fwp%2Fv2%2Fcomments&post=25"}],"version-history":[{"count":3,"href":"https:\/\/dev.projectzero.fr\/index.php?rest_route=\/wp\/v2\/pages\/25\/revisions"}],"predecessor-version":[{"id":36,"href":"https:\/\/dev.projectzero.fr\/index.php?rest_route=\/wp\/v2\/pages\/25\/revisions\/36"}],"up":[{"embeddable":true,"href":"https:\/\/dev.projectzero.fr\/index.php?rest_route=\/wp\/v2\/pages\/23"}],"wp:attachment":[{"href":"https:\/\/dev.projectzero.fr\/index.php?rest_route=%2Fwp%2Fv2%2Fmedia&parent=25"}],"curies":[{"name":"wp","href":"https:\/\/api.w.org\/{rel}","templated":true}]}}