{"id":30,"date":"2025-05-20T21:44:31","date_gmt":"2025-05-20T19:44:31","guid":{"rendered":"https:\/\/dev.projectzero.fr\/?page_id=30"},"modified":"2025-05-22T00:28:09","modified_gmt":"2025-05-21T22:28:09","slug":"project-zero-iii-les-personnages","status":"publish","type":"page","link":"https:\/\/dev.projectzero.fr\/?page_id=30","title":{"rendered":"PZ3 &#8211; Personnages"},"content":{"rendered":"\n<h2 class=\"wp-block-heading\">Rei Kurosawa<\/h2>\n\n\n\n<div class=\"wp-block-media-text is-stacked-on-mobile is-vertically-aligned-top\" style=\"grid-template-columns:20% auto\"><figure class=\"wp-block-media-text__media\"><img loading=\"lazy\" decoding=\"async\" width=\"504\" height=\"1725\" src=\"https:\/\/dev.projectzero.fr\/wp-content\/uploads\/2025\/05\/Rei_Kurosawa2-2.png\" alt=\"\" class=\"wp-image-48 size-full\" srcset=\"https:\/\/dev.projectzero.fr\/wp-content\/uploads\/2025\/05\/Rei_Kurosawa2-2.png 504w, https:\/\/dev.projectzero.fr\/wp-content\/uploads\/2025\/05\/Rei_Kurosawa2-2-88x300.png 88w, https:\/\/dev.projectzero.fr\/wp-content\/uploads\/2025\/05\/Rei_Kurosawa2-2-299x1024.png 299w, https:\/\/dev.projectzero.fr\/wp-content\/uploads\/2025\/05\/Rei_Kurosawa2-2-449x1536.png 449w\" sizes=\"auto, (max-width: 504px) 100vw, 504px\" \/><\/figure><div class=\"wp-block-media-text__content\">\n<p>Rei Kurosawa est la personnage principale de Project Zero 3 et est une photographe ind\u00e9pendante. Elle a perdu son petit ami Yuu dans un accident de la route. Depuis ce terrible drame, Rei est attir\u00e9e dans un lieu \u00e9trange toutes les nuits, dans ses r\u00eaves. Ce lieu \u00e9trange est un manoir japonais pris dans une temp\u00eate de neige sans fin\u2026 le Manoir du Sommeil. Construit et reconstruit d&rsquo;innombrables fois au fil des si\u00e8cles, il est devenu un v\u00e9ritable labyrinthe.<\/p>\n\n\n\n<p>Rei habite une petite maison de banlieue qu&rsquo;elle devait partager avec son fianc\u00e9, jusqu&rsquo;\u00e0 ce que l&rsquo;accident ne bouleverse sa vie.<br>Miku s&rsquo;est install\u00e9e avec Rei, qui l&#8217;emploie comme assistance.<\/p>\n\n\n\n<p>Rei tente d\u00e9sesp\u00e9r\u00e9ment de r\u00e9soudre le myst\u00e8re qui relie le Manoir du Sommeil et la Mal\u00e9diction du tatouage.<\/p>\n<\/div><\/div>\n\n\n\n<h2 class=\"wp-block-heading\">Miku Hinasaki<\/h2>\n\n\n\n<p>Miku Hinasaki, pr\u00e9sente dans le premier volet de la s\u00e9rie de Project Zero, est devenue assistante de Rei. Elle habite avec elle dans sa maison. Miku sera victime, elle aussi, du Manoir du Sommeil, attir\u00e9e par une vision de son fr\u00e8re d\u00e9c\u00e9d\u00e9, Mafuyu, et renouera avec ses vieux d\u00e9mons. Elle retrouve son \u00e9trange pouvoir.<br>Son puissant pouvoir spirituel lui permet d&rsquo;utiliser tout le potentiel de la Cam\u00e9ra Obscura, mais la premi\u00e8re exp\u00e9rience qu&rsquo;elle a v\u00e9cu dans le premier volet lui a laiss\u00e9 des marques\u2026<\/p>\n\n\n\n<h2 class=\"wp-block-heading\">Kei Amakura<\/h2>\n\n\n\n<p>Kei Amakura est un \u00e9crivain r\u00e9aliste qui conduit des recherches sur le folklore (rites et croyances) et les l\u00e9gendes urbaines. C&rsquo;est un ami de Yuu, le petit ami d\u00e9c\u00e9d\u00e9 de Rei. Lui aussi attir\u00e9 par le Manoir du Sommeil, il peut fournir \u00e0 Rei diverses informations.<br>Son pouvoir spirituel est faible et il a du mal \u00e0 repousser les fant\u00f4mes qui l&rsquo;attaquent. Il pr\u00e9f\u00e8re compter sur ses connaissances et sa sant\u00e9 sup\u00e8rieure pour affronter directement la Mal\u00e9diction du tatouage.<\/p>\n\n\n\n<p>Il cr\u00e9era un lien entre&nbsp;le deuxi\u00e8me et ce troisi\u00e8me volet, puisqu&rsquo;il conna\u00eet la famille des s\u0153urs jumelles Mayu et Mio.<\/p>\n","protected":false},"excerpt":{"rendered":"<p>Rei Kurosawa Rei Kurosawa est la personnage principale de Project Zero 3 et est une photographe ind\u00e9pendante. Elle a perdu son petit ami Yuu dans un accident de la route. Depuis ce terrible drame, Rei est attir\u00e9e dans un lieu \u00e9trange toutes les nuits, dans ses r\u00eaves. Ce lieu \u00e9trange est un manoir japonais pris [&hellip;]<\/p>\n","protected":false},"author":1,"featured_media":0,"parent":28,"menu_order":0,"comment_status":"open","ping_status":"closed","template":"","meta":{"_uag_custom_page_level_css":"","footnotes":""},"class_list":["post-30","page","type-page","status-publish","hentry"],"uagb_featured_image_src":{"full":false,"thumbnail":false,"medium":false,"medium_large":false,"large":false,"1536x1536":false,"2048x2048":false},"uagb_author_info":{"display_name":"admin","author_link":"https:\/\/dev.projectzero.fr\/?author=1"},"uagb_comment_info":0,"uagb_excerpt":"Rei Kurosawa Rei Kurosawa est la personnage principale de Project Zero 3 et est une photographe ind\u00e9pendante. Elle a perdu son petit ami Yuu dans un accident de la route. Depuis ce terrible drame, Rei est attir\u00e9e dans un lieu \u00e9trange toutes les nuits, dans ses r\u00eaves. Ce lieu \u00e9trange est un manoir japonais pris\u2026","_links":{"self":[{"href":"https:\/\/dev.projectzero.fr\/index.php?rest_route=\/wp\/v2\/pages\/30","targetHints":{"allow":["GET"]}}],"collection":[{"href":"https:\/\/dev.projectzero.fr\/index.php?rest_route=\/wp\/v2\/pages"}],"about":[{"href":"https:\/\/dev.projectzero.fr\/index.php?rest_route=\/wp\/v2\/types\/page"}],"author":[{"embeddable":true,"href":"https:\/\/dev.projectzero.fr\/index.php?rest_route=\/wp\/v2\/users\/1"}],"replies":[{"embeddable":true,"href":"https:\/\/dev.projectzero.fr\/index.php?rest_route=%2Fwp%2Fv2%2Fcomments&post=30"}],"version-history":[{"count":5,"href":"https:\/\/dev.projectzero.fr\/index.php?rest_route=\/wp\/v2\/pages\/30\/revisions"}],"predecessor-version":[{"id":49,"href":"https:\/\/dev.projectzero.fr\/index.php?rest_route=\/wp\/v2\/pages\/30\/revisions\/49"}],"up":[{"embeddable":true,"href":"https:\/\/dev.projectzero.fr\/index.php?rest_route=\/wp\/v2\/pages\/28"}],"wp:attachment":[{"href":"https:\/\/dev.projectzero.fr\/index.php?rest_route=%2Fwp%2Fv2%2Fmedia&parent=30"}],"curies":[{"name":"wp","href":"https:\/\/api.w.org\/{rel}","templated":true}]}}