{"id":33,"date":"2025-05-20T22:52:38","date_gmt":"2025-05-20T20:52:38","guid":{"rendered":"https:\/\/dev.projectzero.fr\/?page_id=33"},"modified":"2025-05-20T22:52:49","modified_gmt":"2025-05-20T20:52:49","slug":"project-zero-iv","status":"publish","type":"page","link":"https:\/\/dev.projectzero.fr\/?page_id=33","title":{"rendered":"Project ZERO IV"},"content":{"rendered":"\n<h2 class=\"wp-block-heading\">Fiche d&rsquo;identit\u00e9 du jeu<\/h2>\n\n\n\n<p>Titre original (japonais) : Zero &#8211; Tsukihami no Kamen<br>Titre US : Fatal Frame &#8211; Mask of the Lunar Eclipse<br>Titre europ\u00e9en : Project Zero &#8211; Mask of the Lunar Eclipse<\/p>\n\n\n\n<p>Plateforme : <mark style=\"background-color:rgba(0, 0, 0, 0);color:#cf2e2e\" class=\"has-inline-color has-vivid-red-color\">Wii<\/mark> &amp; <mark style=\"background-color:rgba(0, 0, 0, 0);color:#9b51e0\" class=\"has-inline-color has-vivid-purple-color\">PS4 &amp; PS5 &amp; Xbox One &amp; Xbox Serie X &amp; PC Steam<\/mark><br>Date de sortie japonaise : <mark style=\"background-color:rgba(0, 0, 0, 0);color:#cf2e2e\" class=\"has-inline-color has-vivid-red-color\">31 juillet 2008<\/mark> &amp; <mark style=\"background-color:rgba(0, 0, 0, 0);color:#9b51e0\" class=\"has-inline-color has-vivid-purple-color\">8 mars 2023<\/mark><br>Date de sortie am\u00e9ricaine : <mark style=\"color: #9b51e0; background-color:rgba(0, 0, 0, 0);\" class=\"has-inline-color has-vivid-purple-color\">8 mars 2023<\/mark><br>Date de sortie europ\u00e9enne : <mark class=\"has-inline-color has-vivid-purple-color\" style=\"color: #9b51e0; background-color:rgba(0, 0, 0, 0);\">8 mars 2023<\/mark><\/p>\n\n\n\n<h2 class=\"wp-block-heading\">Synopsis<\/h2>\n\n\n\n<p>L&rsquo;aventure se d\u00e9roule sur l&rsquo;\u00eele Rougetsu, une \u00eele au sud de Honshu.<br>Dix ans auparavant, cinq filles ont disparus sur l&rsquo;\u00eele lors dun festival. Pr\u00e9venu par leurs parents, la police ne disposaient que de peu d&rsquo;\u00e9l\u00e9ments pour retrouver les jeunes disparues. Toutefois, Choushiro, un jeune policier, d\u00e9cide de mener son enqu\u00eate et retrouve les filles sur l&rsquo;\u00eele Rougetsu. Les filles n&rsquo;ont aucun souvenir de leur enl\u00e8vement et de ce qu&rsquo;elles ont v\u00e9cu sur cette ile.<\/p>\n\n\n\n<p>Elles se souviennent uniquement avoir particip\u00e9 a un rituel qui a lieu tous les 10 ans sur l&rsquo;\u00eele.<br>Les filles de l&rsquo;\u00eele \u00e9taient encercl\u00e9s par des personnes masqu\u00e9es qui jouaient une m\u00e9lodie avec leurs instruments et qui semblaient poss\u00e9der par la lumi\u00e8re de la lune \u2026 Cette m\u00e9lodie est le seul souvenir de Ruka, une des filles disparues \u00e0 l&rsquo;\u00e2ge de 10 ans.<\/p>\n\n\n\n<p>Dix ans apr\u00e8s le rituel quelles ont subies, deux des survivantes, Tomoe Nanamura et Marie Shinomiya, sont retrouves mortes. Les deux victimes sont retrouv\u00e9e visage couvert dans une position effrayante.<br>Misaki et Madoka, deux survivantes de ce rituel, repartent pour l&rsquo;\u00eele Rougetsu pour r\u00e9soudre le myst\u00e8re li\u00e9 aux meurtres de leurs deux amies d&rsquo;enfance.<\/p>\n\n\n\n<p>Ruka, la derni\u00e8re survivante, n&rsquo;ayant aucune nouvelle de ses deux amies, d\u00e9cide de rrtourner sur cette \u00eele afin de retrouver ses amies et retrouver aussi la m\u00e9moire.<\/p>\n\n\n\n<p>La m\u00e8re de Ruka, effray\u00e9e que sa fille retourne sur l&rsquo;\u00eele, d\u00e9cide de prevenir Choushiro. Ce dernier, \u00e0 present d\u00e9tective, se rend lui aussi sur l&rsquo;\u00eele.<\/p>\n","protected":false},"excerpt":{"rendered":"<p>Fiche d&rsquo;identit\u00e9 du jeu Titre original (japonais) : Zero &#8211; Tsukihami no KamenTitre US : Fatal Frame &#8211; Mask of the Lunar EclipseTitre europ\u00e9en : Project Zero &#8211; Mask of the Lunar Eclipse Plateforme : Wii &amp; PS4 &amp; PS5 &amp; Xbox One &amp; Xbox Serie X &amp; PC SteamDate de sortie japonaise : 31 [&hellip;]<\/p>\n","protected":false},"author":1,"featured_media":0,"parent":0,"menu_order":0,"comment_status":"open","ping_status":"closed","template":"","meta":{"_uag_custom_page_level_css":"","footnotes":""},"class_list":["post-33","page","type-page","status-publish","hentry"],"uagb_featured_image_src":{"full":false,"thumbnail":false,"medium":false,"medium_large":false,"large":false,"1536x1536":false,"2048x2048":false},"uagb_author_info":{"display_name":"admin","author_link":"https:\/\/dev.projectzero.fr\/?author=1"},"uagb_comment_info":0,"uagb_excerpt":"Fiche d&rsquo;identit\u00e9 du jeu Titre original (japonais) : Zero &#8211; Tsukihami no KamenTitre US : Fatal Frame &#8211; Mask of the Lunar EclipseTitre europ\u00e9en : Project Zero &#8211; Mask of the Lunar Eclipse Plateforme : Wii &amp; PS4 &amp; PS5 &amp; Xbox One &amp; Xbox Serie X &amp; PC SteamDate de sortie japonaise : 31\u2026","_links":{"self":[{"href":"https:\/\/dev.projectzero.fr\/index.php?rest_route=\/wp\/v2\/pages\/33","targetHints":{"allow":["GET"]}}],"collection":[{"href":"https:\/\/dev.projectzero.fr\/index.php?rest_route=\/wp\/v2\/pages"}],"about":[{"href":"https:\/\/dev.projectzero.fr\/index.php?rest_route=\/wp\/v2\/types\/page"}],"author":[{"embeddable":true,"href":"https:\/\/dev.projectzero.fr\/index.php?rest_route=\/wp\/v2\/users\/1"}],"replies":[{"embeddable":true,"href":"https:\/\/dev.projectzero.fr\/index.php?rest_route=%2Fwp%2Fv2%2Fcomments&post=33"}],"version-history":[{"count":1,"href":"https:\/\/dev.projectzero.fr\/index.php?rest_route=\/wp\/v2\/pages\/33\/revisions"}],"predecessor-version":[{"id":34,"href":"https:\/\/dev.projectzero.fr\/index.php?rest_route=\/wp\/v2\/pages\/33\/revisions\/34"}],"wp:attachment":[{"href":"https:\/\/dev.projectzero.fr\/index.php?rest_route=%2Fwp%2Fv2%2Fmedia&parent=33"}],"curies":[{"name":"wp","href":"https:\/\/api.w.org\/{rel}","templated":true}]}}